{"id":4,"date":"2012-02-07T17:39:08","date_gmt":"2012-02-07T17:39:08","guid":{"rendered":"http:\/\/www.imparato.be\/emile\/?page_id=4"},"modified":"2012-02-07T18:33:58","modified_gmt":"2012-02-07T18:33:58","slug":"a-propos","status":"publish","type":"page","link":"https:\/\/www.imparato.be\/emile\/a-propos\/","title":{"rendered":"A propos"},"content":{"rendered":"<h2>A propos du blog d&rsquo;Emile<\/h2>\n<p>Dans le blog d&rsquo;Emile, on va parler actualit\u00e9, technologie, musique, ou m\u00eame politique. En fait de tout. Tout ce dont on parlerait sur Facebook, mais que l&rsquo;on pr\u00e9f\u00e8re garder sous notre total contr\u00f4le.<\/p>\n<p>Les commentaires sont les bienvenus, mais attention, ils sont mod\u00e9r\u00e9s par Emile en personne.<\/p>\n<h2>Respect de la vie priv\u00e9e<\/h2>\n<p>Les adresses email et autres informations sur les personnes collect\u00e9es dans le cadre de l\u2019enregistrement sur le site ne sont en aucun cas partag\u00e9es avec des tiers. L\u2019usage de ces donn\u00e9es est exclusivement r\u00e9serv\u00e9 \u00e0 un usage strict dans le cadre de ce site.<\/p>\n","protected":false},"excerpt":{"rendered":"<p>A propos du blog d&rsquo;Emile Dans le blog d&rsquo;Emile, on va parler actualit\u00e9, technologie, musique, ou m\u00eame politique. En fait de tout. Tout ce dont on parlerait sur Facebook, mais que l&rsquo;on pr\u00e9f\u00e8re garder sous notre total contr\u00f4le. Les commentaires sont les bienvenus, mais attention, ils sont mod\u00e9r\u00e9s par Emile en personne. Respect de la &hellip; <\/p>\n<p class=\"link-more\"><a href=\"https:\/\/www.imparato.be\/emile\/a-propos\/\" class=\"more-link\">Continuer la lecture<span class=\"screen-reader-text\"> de &laquo;&nbsp;A propos&nbsp;&raquo;<\/span><\/a><\/p>\n","protected":false},"author":1,"featured_media":0,"parent":0,"menu_order":0,"comment_status":"closed","ping_status":"open","template":"","meta":{"footnotes":""},"class_list":["post-4","page","type-page","status-publish","hentry"],"_links":{"self":[{"href":"https:\/\/www.imparato.be\/emile\/wp-json\/wp\/v2\/pages\/4","targetHints":{"allow":["GET"]}}],"collection":[{"href":"https:\/\/www.imparato.be\/emile\/wp-json\/wp\/v2\/pages"}],"about":[{"href":"https:\/\/www.imparato.be\/emile\/wp-json\/wp\/v2\/types\/page"}],"author":[{"embeddable":true,"href":"https:\/\/www.imparato.be\/emile\/wp-json\/wp\/v2\/users\/1"}],"replies":[{"embeddable":true,"href":"https:\/\/www.imparato.be\/emile\/wp-json\/wp\/v2\/comments?post=4"}],"version-history":[{"count":4,"href":"https:\/\/www.imparato.be\/emile\/wp-json\/wp\/v2\/pages\/4\/revisions"}],"predecessor-version":[{"id":15,"href":"https:\/\/www.imparato.be\/emile\/wp-json\/wp\/v2\/pages\/4\/revisions\/15"}],"wp:attachment":[{"href":"https:\/\/www.imparato.be\/emile\/wp-json\/wp\/v2\/media?parent=4"}],"curies":[{"name":"wp","href":"https:\/\/api.w.org\/{rel}","templated":true}]}}